{"id":4317,"date":"2023-02-09T19:40:21","date_gmt":"2023-02-09T19:40:21","guid":{"rendered":"https:\/\/citav.com.co\/?page_id=4317"},"modified":"2023-02-13T19:08:45","modified_gmt":"2023-02-13T19:08:45","slug":"cadena-de-valor","status":"publish","type":"page","link":"https:\/\/citav.com.co\/index.php\/cadena-de-valor\/","title":{"rendered":"Cadena de valor"},"content":{"rendered":"\t\t<div data-elementor-type=\"wp-page\" data-elementor-id=\"4317\" class=\"elementor elementor-4317\">\n\t\t\t\t\t\t<div class=\"elementor-inner\">\n\t\t\t\t<div class=\"elementor-section-wrap\">\n\t\t\t\t\t\t\t\t\t<section class=\"elementor-section elementor-top-section elementor-element elementor-element-38d495d elementor-section-boxed elementor-section-height-default elementor-section-height-default\" data-id=\"38d495d\" data-element_type=\"section\">\n\t\t\t\t\t\t<div class=\"elementor-container elementor-column-gap-default\">\n\t\t\t\t\t\t\t<div class=\"elementor-row\">\n\t\t\t\t\t<div class=\"elementor-column elementor-col-50 elementor-top-column elementor-element elementor-element-9ace05a\" data-id=\"9ace05a\" data-element_type=\"column\">\n\t\t\t<div class=\"elementor-column-wrap elementor-element-populated\">\n\t\t\t\t\t\t\t<div class=\"elementor-widget-wrap\">\n\t\t\t\t\t\t<div class=\"elementor-element elementor-element-1438007 aleft elementor-widget elementor-widget-wgl-double-headings\" data-id=\"1438007\" data-element_type=\"widget\" data-widget_type=\"wgl-double-headings.default\">\n\t\t\t\t<div class=\"elementor-widget-container\">\n\t\t\t<div class=\"wgl-double_heading\"><div class=\"dbl__subtitle\"><span>SOSTENIBILIDAD<\/span><\/div><h3 class=\"dbl__title-wrapper\"><span class=\"dbl__title\">cadena de valor<\/span><\/h3><\/div>\t\t<\/div>\n\t\t\t\t<\/div>\n\t\t\t\t<div class=\"elementor-element elementor-element-f2f184f elementor-widget elementor-widget-text-editor\" data-id=\"f2f184f\" data-element_type=\"widget\" data-widget_type=\"text-editor.default\">\n\t\t\t\t<div class=\"elementor-widget-container\">\n\t\t\t<style>\/*! elementor - v3.12.1 - 02-04-2023 *\/\n.elementor-widget-text-editor.elementor-drop-cap-view-stacked .elementor-drop-cap{background-color:#69727d;color:#fff}.elementor-widget-text-editor.elementor-drop-cap-view-framed .elementor-drop-cap{color:#69727d;border:3px solid;background-color:transparent}.elementor-widget-text-editor:not(.elementor-drop-cap-view-default) .elementor-drop-cap{margin-top:8px}.elementor-widget-text-editor:not(.elementor-drop-cap-view-default) .elementor-drop-cap-letter{width:1em;height:1em}.elementor-widget-text-editor .elementor-drop-cap{float:left;text-align:center;line-height:1;font-size:50px}.elementor-widget-text-editor .elementor-drop-cap-letter{display:inline-block}<\/style>\t\t\t\t\t<div class=\"elementor-text-editor elementor-clearfix\">\n\t\t\t\t<p><span style=\"font-weight: 400;\"><strong>CITAV &#8211; CONSULTORES<\/strong> ofrece servicios de calidad y ayuda a sus clientes a minimizar todo tipo de riesgos.\u00a0<\/span><\/p><p><span style=\"font-weight: 400;\">Ofrecemos servicios completos y con garant\u00edas, siempre teniendo en cuenta las caracter\u00edsticas y particularidades de cada cliente y situaci\u00f3n.<\/span><\/p><p><span style=\"font-weight: 400;\">Todos los elementos, personas y empresas que participan en nuestra cadena de valor comparten nuestros mismos valores, filosof\u00eda y objetivos: ofrecer productos y servicios a nuestros clientes con la m\u00e1xima calidad posible de una forma sostenible.<\/span><\/p><p><span style=\"font-weight: 400;\">Nuestra cuidada cadena de valor nos permite identificar nuestras ventajas competitivas; ofrecemos un servicio personalizado y de calidad que genera valor a\u00f1adido.<\/span><\/p>\t\t\t\t\t<\/div>\n\t\t\t\t\t\t<\/div>\n\t\t\t\t<\/div>\n\t\t\t\t\t\t<\/div>\n\t\t\t\t\t<\/div>\n\t\t<\/div>\n\t\t\t\t<div class=\"elementor-column elementor-col-50 elementor-top-column elementor-element elementor-element-af863ed\" data-id=\"af863ed\" data-element_type=\"column\">\n\t\t\t<div class=\"elementor-column-wrap elementor-element-populated\">\n\t\t\t\t\t\t\t<div class=\"elementor-widget-wrap\">\n\t\t\t\t\t\t<div class=\"elementor-element elementor-element-1b82d45 elementor-widget elementor-widget-image\" data-id=\"1b82d45\" data-element_type=\"widget\" data-widget_type=\"image.default\">\n\t\t\t\t<div class=\"elementor-widget-container\">\n\t\t\t<style>\/*! elementor - v3.12.1 - 02-04-2023 *\/\n.elementor-widget-image{text-align:center}.elementor-widget-image a{display:inline-block}.elementor-widget-image a img[src$=\".svg\"]{width:48px}.elementor-widget-image img{vertical-align:middle;display:inline-block}<\/style>\t\t\t\t\t<div class=\"elementor-image\">\n\t\t\t\t\t\t\t\t\t\t\t\t<img decoding=\"async\" loading=\"lazy\" width=\"1000\" height=\"1000\" src=\"https:\/\/citav.com.co\/wp-content\/uploads\/cadena-de-valor.jpg\" class=\"attachment-full size-full wp-image-4540\" alt=\"\" srcset=\"https:\/\/citav.com.co\/wp-content\/uploads\/cadena-de-valor.jpg 1000w, https:\/\/citav.com.co\/wp-content\/uploads\/cadena-de-valor-300x300.jpg 300w, https:\/\/citav.com.co\/wp-content\/uploads\/cadena-de-valor-150x150.jpg 150w, https:\/\/citav.com.co\/wp-content\/uploads\/cadena-de-valor-768x768.jpg 768w, https:\/\/citav.com.co\/wp-content\/uploads\/cadena-de-valor-440x440.jpg 440w, https:\/\/citav.com.co\/wp-content\/uploads\/cadena-de-valor-180x180.jpg 180w, https:\/\/citav.com.co\/wp-content\/uploads\/cadena-de-valor-120x120.jpg 120w\" sizes=\"(max-width: 1000px) 100vw, 1000px\" \/>\t\t\t\t\t\t\t\t\t\t\t\t\t\t<\/div>\n\t\t\t\t\t\t<\/div>\n\t\t\t\t<\/div>\n\t\t\t\t\t\t<\/div>\n\t\t\t\t\t<\/div>\n\t\t<\/div>\n\t\t\t\t\t\t\t\t<\/div>\n\t\t\t\t\t<\/div>\n\t\t<\/section>\n\t\t\t\t\t\t\t\t\t<\/div>\n\t\t\t<\/div>\n\t\t\t\t\t<\/div>\n\t\t","protected":false},"excerpt":{"rendered":"<p>SOSTENIBILIDAD cadena de valor CITAV &#8211; CONSULTORES ofrece servicios de calidad y ayuda a sus clientes a minimizar todo tipo de riesgos.\u00a0 Ofrecemos servicios completos y con garant\u00edas, siempre teniendo en cuenta las caracter\u00edsticas y particularidades de cada cliente y situaci\u00f3n. Todos los elementos, personas y empresas que participan en nuestra cadena de valor comparten [&hellip;]<\/p>\n","protected":false},"author":1,"featured_media":0,"parent":0,"menu_order":0,"comment_status":"closed","ping_status":"closed","template":"","meta":{"_themeisle_gutenberg_block_has_review":false,"footnotes":"","_joinchat":[]},"_links":{"self":[{"href":"https:\/\/citav.com.co\/index.php\/wp-json\/wp\/v2\/pages\/4317"}],"collection":[{"href":"https:\/\/citav.com.co\/index.php\/wp-json\/wp\/v2\/pages"}],"about":[{"href":"https:\/\/citav.com.co\/index.php\/wp-json\/wp\/v2\/types\/page"}],"author":[{"embeddable":true,"href":"https:\/\/citav.com.co\/index.php\/wp-json\/wp\/v2\/users\/1"}],"replies":[{"embeddable":true,"href":"https:\/\/citav.com.co\/index.php\/wp-json\/wp\/v2\/comments?post=4317"}],"version-history":[{"count":0,"href":"https:\/\/citav.com.co\/index.php\/wp-json\/wp\/v2\/pages\/4317\/revisions"}],"wp:attachment":[{"href":"https:\/\/citav.com.co\/index.php\/wp-json\/wp\/v2\/media?parent=4317"}],"curies":[{"name":"wp","href":"https:\/\/api.w.org\/{rel}","templated":true}]}}