{"id":4278,"date":"2023-02-09T19:20:25","date_gmt":"2023-02-09T19:20:25","guid":{"rendered":"https:\/\/citav.com.co\/?page_id=4278"},"modified":"2023-02-13T18:54:49","modified_gmt":"2023-02-13T18:54:49","slug":"cambio-climatico","status":"publish","type":"page","link":"https:\/\/citav.com.co\/index.php\/cambio-climatico\/","title":{"rendered":"Cambio Clim\u00e1tico"},"content":{"rendered":"\t\t<div data-elementor-type=\"wp-page\" data-elementor-id=\"4278\" class=\"elementor elementor-4278\">\n\t\t\t\t\t\t<div class=\"elementor-inner\">\n\t\t\t\t<div class=\"elementor-section-wrap\">\n\t\t\t\t\t\t\t\t\t<section class=\"elementor-section elementor-top-section elementor-element elementor-element-38d495d elementor-section-boxed elementor-section-height-default elementor-section-height-default\" data-id=\"38d495d\" data-element_type=\"section\">\n\t\t\t\t\t\t<div class=\"elementor-container elementor-column-gap-default\">\n\t\t\t\t\t\t\t<div class=\"elementor-row\">\n\t\t\t\t\t<div class=\"elementor-column elementor-col-50 elementor-top-column elementor-element elementor-element-9ace05a\" data-id=\"9ace05a\" data-element_type=\"column\">\n\t\t\t<div class=\"elementor-column-wrap elementor-element-populated\">\n\t\t\t\t\t\t\t<div class=\"elementor-widget-wrap\">\n\t\t\t\t\t\t<div class=\"elementor-element elementor-element-1438007 aleft elementor-widget elementor-widget-wgl-double-headings\" data-id=\"1438007\" data-element_type=\"widget\" data-widget_type=\"wgl-double-headings.default\">\n\t\t\t\t<div class=\"elementor-widget-container\">\n\t\t\t<div class=\"wgl-double_heading\"><div class=\"dbl__subtitle\"><span>SOSTENIBILIDAD<\/span><\/div><h3 class=\"dbl__title-wrapper\"><span class=\"dbl__title\">CAMBIO CLIM\u00c1TICO<\/span><\/h3><\/div>\t\t<\/div>\n\t\t\t\t<\/div>\n\t\t\t\t<div class=\"elementor-element elementor-element-f2f184f elementor-widget elementor-widget-text-editor\" data-id=\"f2f184f\" data-element_type=\"widget\" data-widget_type=\"text-editor.default\">\n\t\t\t\t<div class=\"elementor-widget-container\">\n\t\t\t<style>\/*! elementor - v3.12.1 - 02-04-2023 *\/\n.elementor-widget-text-editor.elementor-drop-cap-view-stacked .elementor-drop-cap{background-color:#69727d;color:#fff}.elementor-widget-text-editor.elementor-drop-cap-view-framed .elementor-drop-cap{color:#69727d;border:3px solid;background-color:transparent}.elementor-widget-text-editor:not(.elementor-drop-cap-view-default) .elementor-drop-cap{margin-top:8px}.elementor-widget-text-editor:not(.elementor-drop-cap-view-default) .elementor-drop-cap-letter{width:1em;height:1em}.elementor-widget-text-editor .elementor-drop-cap{float:left;text-align:center;line-height:1;font-size:50px}.elementor-widget-text-editor .elementor-drop-cap-letter{display:inline-block}<\/style>\t\t\t\t\t<div class=\"elementor-text-editor elementor-clearfix\">\n\t\t\t\t<p><span style=\"font-weight: 400;\">CITAV &#8211; CONSULTORES<\/span><span style=\"font-weight: 400;\"> es consciente del desaf\u00edo que como humanidad enfrentamos de cara al cambio clim\u00e1tico, nuestra empresa ha desarrollado estrategias y\u00a0 procesos para hacer frente a este problema y participamos\u00a0 activamente en la lucha contra este fen\u00f3meno.<\/span><\/p><p><span style=\"font-weight: 400;\">Aplicamos en nuestras instalaciones y sedes<\/span> <span style=\"font-weight: 400;\">sistemas de iluminaci\u00f3n LED, cuyo consumo es mucho menor que el de otros sistemas tradicionales, y realizamos anualmente auditor\u00edas en las que valoramos tomar nuevas acciones para continuar avanzando en este aspecto, implementamos el uso de formatos y documentos digitales, los cuales contribuyen a la reducci\u00f3n de la tala de \u00e1rboles y consumos de recursos.<\/span><\/p><p><span style=\"font-weight: 400;\">Estamos comprometidos con la lucha contra el cambio clim\u00e1tico y hacemos todo aquello que est\u00e1 a nuestro alcance para reducir nuestro impacto sobre el medio ambiente, por lo que tambi\u00e9n reciclamos los desechos que producimos.<\/span><\/p><p><span style=\"font-weight: 400;\">En<\/span><span style=\"font-weight: 400;\"> CITAV &#8211; CONSULTORES<\/span><span style=\"font-weight: 400;\">\u00a0 no s\u00f3lo intentamos detener y mitigar los efectos de este problema internamente, ya que a trav\u00e9s de nuestros servicios relacionados con el medio ambiente ofrecemos a las empresas que as\u00ed lo deseen soluciones m\u00e1s eco-friendly para eliminar o reducir el impacto que \u00e9stas tienen en nuestro medio.<\/span><\/p>\t\t\t\t\t<\/div>\n\t\t\t\t\t\t<\/div>\n\t\t\t\t<\/div>\n\t\t\t\t<div class=\"elementor-element elementor-element-74ab5b2 elementor-widget elementor-widget-text-editor\" data-id=\"74ab5b2\" data-element_type=\"widget\" data-widget_type=\"text-editor.default\">\n\t\t\t\t<div class=\"elementor-widget-container\">\n\t\t\t\t\t\t\t\t<div class=\"elementor-text-editor elementor-clearfix\">\n\t\t\t\t<blockquote style=\"font-size: 25px; line-height: 30px;\"><p><em>Estamos comprometidos y aportamos activamente en la lucha contra el cambio clim\u00e1tico<\/em><\/p><\/blockquote>\t\t\t\t\t<\/div>\n\t\t\t\t\t\t<\/div>\n\t\t\t\t<\/div>\n\t\t\t\t\t\t<\/div>\n\t\t\t\t\t<\/div>\n\t\t<\/div>\n\t\t\t\t<div class=\"elementor-column elementor-col-50 elementor-top-column elementor-element elementor-element-af863ed\" data-id=\"af863ed\" data-element_type=\"column\">\n\t\t\t<div class=\"elementor-column-wrap elementor-element-populated\">\n\t\t\t\t\t\t\t<div class=\"elementor-widget-wrap\">\n\t\t\t\t\t\t<div class=\"elementor-element elementor-element-0d1d9fe elementor-widget elementor-widget-image\" data-id=\"0d1d9fe\" data-element_type=\"widget\" data-widget_type=\"image.default\">\n\t\t\t\t<div class=\"elementor-widget-container\">\n\t\t\t<style>\/*! elementor - v3.12.1 - 02-04-2023 *\/\n.elementor-widget-image{text-align:center}.elementor-widget-image a{display:inline-block}.elementor-widget-image a img[src$=\".svg\"]{width:48px}.elementor-widget-image img{vertical-align:middle;display:inline-block}<\/style>\t\t\t\t\t<div class=\"elementor-image\">\n\t\t\t\t\t\t\t\t\t\t\t\t<img decoding=\"async\" loading=\"lazy\" width=\"1000\" height=\"1000\" src=\"https:\/\/citav.com.co\/wp-content\/uploads\/cambio.jpg\" class=\"attachment-full size-full wp-image-4489\" alt=\"\" srcset=\"https:\/\/citav.com.co\/wp-content\/uploads\/cambio.jpg 1000w, https:\/\/citav.com.co\/wp-content\/uploads\/cambio-300x300.jpg 300w, https:\/\/citav.com.co\/wp-content\/uploads\/cambio-150x150.jpg 150w, https:\/\/citav.com.co\/wp-content\/uploads\/cambio-768x768.jpg 768w, https:\/\/citav.com.co\/wp-content\/uploads\/cambio-440x440.jpg 440w, https:\/\/citav.com.co\/wp-content\/uploads\/cambio-180x180.jpg 180w, https:\/\/citav.com.co\/wp-content\/uploads\/cambio-120x120.jpg 120w\" sizes=\"(max-width: 1000px) 100vw, 1000px\" \/>\t\t\t\t\t\t\t\t\t\t\t\t\t\t<\/div>\n\t\t\t\t\t\t<\/div>\n\t\t\t\t<\/div>\n\t\t\t\t\t\t<\/div>\n\t\t\t\t\t<\/div>\n\t\t<\/div>\n\t\t\t\t\t\t\t\t<\/div>\n\t\t\t\t\t<\/div>\n\t\t<\/section>\n\t\t\t\t\t\t\t\t\t<\/div>\n\t\t\t<\/div>\n\t\t\t\t\t<\/div>\n\t\t","protected":false},"excerpt":{"rendered":"<p>SOSTENIBILIDAD CAMBIO CLIM\u00c1TICO CITAV &#8211; CONSULTORES es consciente del desaf\u00edo que como humanidad enfrentamos de cara al cambio clim\u00e1tico, nuestra empresa ha desarrollado estrategias y\u00a0 procesos para hacer frente a este problema y participamos\u00a0 activamente en la lucha contra este fen\u00f3meno. Aplicamos en nuestras instalaciones y sedes sistemas de iluminaci\u00f3n LED, cuyo consumo es mucho [&hellip;]<\/p>\n","protected":false},"author":1,"featured_media":0,"parent":0,"menu_order":0,"comment_status":"closed","ping_status":"closed","template":"","meta":{"_themeisle_gutenberg_block_has_review":false,"footnotes":"","_joinchat":[]},"_links":{"self":[{"href":"https:\/\/citav.com.co\/index.php\/wp-json\/wp\/v2\/pages\/4278"}],"collection":[{"href":"https:\/\/citav.com.co\/index.php\/wp-json\/wp\/v2\/pages"}],"about":[{"href":"https:\/\/citav.com.co\/index.php\/wp-json\/wp\/v2\/types\/page"}],"author":[{"embeddable":true,"href":"https:\/\/citav.com.co\/index.php\/wp-json\/wp\/v2\/users\/1"}],"replies":[{"embeddable":true,"href":"https:\/\/citav.com.co\/index.php\/wp-json\/wp\/v2\/comments?post=4278"}],"version-history":[{"count":0,"href":"https:\/\/citav.com.co\/index.php\/wp-json\/wp\/v2\/pages\/4278\/revisions"}],"wp:attachment":[{"href":"https:\/\/citav.com.co\/index.php\/wp-json\/wp\/v2\/media?parent=4278"}],"curies":[{"name":"wp","href":"https:\/\/api.w.org\/{rel}","templated":true}]}}